{"id":2,"date":"2024-06-20T16:17:20","date_gmt":"2024-06-20T08:17:20","guid":{"rendered":"https:\/\/www.hxlsz.com\/?page_id=2"},"modified":"2024-06-20T16:17:20","modified_gmt":"2024-06-20T08:17:20","slug":"sample-page","status":"publish","type":"page","link":"https:\/\/www.hxlsz.com\/de\/sample-page\/","title":{"rendered":"Beispielseite"},"content":{"rendered":"<p>Dies ist eine Demonstrationsseite. Im Gegensatz zu einem Blog-Beitrag hat eine Seite einen festen Speicherort und wird normalerweise in der Navigationsleiste der Website angezeigt. Viele Benutzer erstellen eine \u201e\u00dcber\u201c-Seite, um sich den Besuchern vorzustellen. Zum Beispiel:<\/p>\n\n\n\n<blockquote class=\"wp-block-quote is-layout-flow wp-block-quote-is-layout-flow\"><p>Hallo zusammen! Tags\u00fcber bin ich ein Lieferjunge und nachts ein aufstrebender Zauberer, und das ist meine Website. Ich lebe in Peking und habe einen Welpen namens Erha. Normalerweise trinke ich gerne Cola und gehe mit dem Hund spazieren.<\/p><\/blockquote>\n\n\n\n<p>\u2026oder dieses:<\/p>\n\n\n\n<blockquote class=\"wp-block-quote is-layout-flow wp-block-quote-is-layout-flow\"><p>Die XYZ Doohickey Company wurde 1971 gegr\u00fcndet und seitdem spenden wir der Gesellschaft gro\u00dfartige Doohickies. Unser Unternehmen hat seinen Hauptsitz in der Magic City in China, besch\u00e4ftigt mehr als 2.000 Mitarbeiter und hat einen gro\u00dfen Beitrag zu den Steuereinnahmen der Magic City-Regierung geleistet.<\/p><\/blockquote>\n\n\n\n<p>Und Ihnen als neuem WordPress-Benutzer empfehlen wir den Besuch<a href=\"https:\/\/www.hxlsz.com\/wp-admin\/\">Dashboard f\u00fcr Ihre Website<\/a>, l\u00f6schen Sie diese Seite und erstellen Sie eine neue mit Ihrem eigenen Inhalt. Ich w\u00fcnsche Ihnen eine gl\u00fcckliche Nutzung!<\/p>","protected":false},"excerpt":{"rendered":"<p>Dies ist eine Demonstrationsseite. Im Gegensatz zu einem Blog-Beitrag hat eine Seite einen festen Speicherort und wird normalerweise in der Navigationsleiste der Website angezeigt. Viele Benutzer erstellen eine \u201e\u00dcber\u201c-Seite, um sich den Besuchern vorzustellen. Zum Beispiel: Hallo zusammen! Tags\u00fcber bin ich ein Lieferjunge und nachts ein aufstrebender Zauberer, und das ist meine Website. Ich lebe in Peking und habe einen Welpen namens Erha. Normalerweise trinke ich gerne Cola und gehe mit dem Hund spazieren. \u2026oder das: Die XYZ Doohickey Company wurde 1971 gegr\u00fcndet und seitdem spenden wir der Community gro\u00dfartige Doohickies. Unser Unternehmen hat seinen Hauptsitz in der Magic City in China, besch\u00e4ftigt mehr als 2.000 Mitarbeiter und hat einen gro\u00dfen Beitrag zu den Steuereinnahmen der Magic City-Regierung geleistet. Als neuer WordPress-Benutzer empfehlen wir Ihnen, zum Dashboard Ihrer Website zu gehen, diese Seite zu l\u00f6schen und dann eine neue Seite mit Ihren eigenen Inhalten zu erstellen. Ich w\u00fcnsche Ihnen eine gl\u00fcckliche Nutzung!<\/p>","protected":false},"author":1,"featured_media":0,"parent":0,"menu_order":0,"comment_status":"closed","ping_status":"open","template":"","meta":{"_acf_changed":false,"footnotes":""},"class_list":["post-2","page","type-page","status-publish","hentry"],"acf":[],"yoast_head":"<!-- This site is optimized with the Yoast SEO plugin v20.11 - https:\/\/yoast.com\/wordpress\/plugins\/seo\/ -->\n<title>\u793a\u4f8b\u9875\u9762 - Huaxianglian<\/title>\n<meta name=\"robots\" content=\"index, follow, max-snippet:-1, max-image-preview:large, max-video-preview:-1\" \/>\n<link rel=\"canonical\" href=\"https:\/\/www.hxlsz.com\/de\/sample-page\/\" \/>\n<meta property=\"og:locale\" content=\"de_DE\" \/>\n<meta property=\"og:type\" content=\"article\" \/>\n<meta property=\"og:title\" content=\"\u793a\u4f8b\u9875\u9762 - Huaxianglian\" \/>\n<meta property=\"og:description\" content=\"\u8fd9\u662f\u793a\u8303\u9875\u9762\u3002\u9875\u9762\u548c\u535a\u5ba2\u6587\u7ae0\u4e0d\u540c\uff0c\u5b83\u7684\u4f4d\u7f6e\u662f\u56fa\u5b9a\u7684\uff0c\u901a\u5e38\u4f1a\u5728\u7ad9\u70b9\u5bfc\u822a\u680f\u663e\u793a\u3002\u5f88\u591a\u7528\u6237\u90fd\u521b\u5efa\u4e00\u4e2a\u300c\u5173\u4e8e\u300d\u9875\u9762\uff0c\u5411\u8bbf\u5ba2\u4ecb\u7ecd\u81ea\u5df1\u3002\u4f8b\u5982\uff1a \u5927\u5bb6\u597d\uff01 \u6211\u767d\u5929\u662f\u4e00\u540d\u5feb\u9012\u5c0f\u54e5\uff0c\u665a\u4e0a\u662f\u4e00\u540d\u6709\u62b1\u8d1f\u7684\u9b54\u672f\u5e08\uff0c\u8fd9\u662f\u6211\u7684\u7f51\u7ad9\u3002 \u6211\u4f4f\u5728\u5317\u4eac\uff0c\u517b\u4e86\u4e00\u53ea\u540d\u53eb\u4e8c\u54c8\u7684\u5c0f\u72d7\u3002 \u6211\u5e73\u65f6\u559c\u6b22\u559d\u53ef\u4e50\uff0c\u8fd8\u6709\u905b\u72d7\u3002 \u2026\u2026\u6216\u8fd9\u4e2a\uff1a XYZ Doohickey \u516c\u53f8\u6210\u7acb\u4e8e 1971 \u5e74\uff0c\u81ea\u4ece\u5efa\u7acb\u4ee5\u6765\uff0c\u6211\u4eec\u4e00\u76f4\u5411\u793e\u4f1a\u8d21\u732e\u7740\u4f18\u79c0 doohickies\u3002\u6211\u4eec\u7684\u516c\u53f8\u603b\u90e8\u4f4d\u4e8e\u5929\u671d\u9b54\u90fd\uff0c\u6709\u7740\u8d85\u8fc7\u4e24\u5343\u540d\u5458\u5de5\uff0c\u5bf9\u9b54\u90fd\u653f\u5e9c\u7a0e\u6536\u6709\u7740\u5de8\u5927\u8d21\u732e\u3002 \u800c\u60a8\uff0c\u4f5c\u4e3a\u4e00\u4f4d WordPress \u65b0\u7528\u6237\uff0c\u6211\u4eec\u5efa\u8bae\u60a8\u8f6c\u5230\u60a8\u7ad9\u70b9\u7684\u4eea\u8868\u76d8\uff0c\u5220\u9664\u672c\u9875\u9762\uff0c\u7136\u540e\u521b\u5efa\u5305\u542b\u60a8\u81ea\u5df1\u5185\u5bb9\u7684\u65b0\u9875\u9762\u3002\u795d\u60a8\u4f7f\u7528\u6109\u5feb\uff01\" \/>\n<meta property=\"og:url\" content=\"https:\/\/www.hxlsz.com\/de\/sample-page\/\" \/>\n<meta property=\"og:site_name\" content=\"Huaxianglian\" \/>\n<meta name=\"twitter:card\" content=\"summary_large_image\" \/>\n<script type=\"application\/ld+json\" class=\"yoast-schema-graph\">{\"@context\":\"https:\/\/schema.org\",\"@graph\":[{\"@type\":\"WebPage\",\"@id\":\"https:\/\/www.hxlsz.com\/sample-page\/\",\"url\":\"https:\/\/www.hxlsz.com\/sample-page\/\",\"name\":\"\u793a\u4f8b\u9875\u9762 - Huaxianglian\",\"isPartOf\":{\"@id\":\"https:\/\/www.hxlsz.com\/#website\"},\"datePublished\":\"2024-06-20T08:17:20+00:00\",\"dateModified\":\"2024-06-20T08:17:20+00:00\",\"breadcrumb\":{\"@id\":\"https:\/\/www.hxlsz.com\/sample-page\/#breadcrumb\"},\"inLanguage\":\"de\",\"potentialAction\":[{\"@type\":\"ReadAction\",\"target\":[\"https:\/\/www.hxlsz.com\/sample-page\/\"]}]},{\"@type\":\"BreadcrumbList\",\"@id\":\"https:\/\/www.hxlsz.com\/sample-page\/#breadcrumb\",\"itemListElement\":[{\"@type\":\"ListItem\",\"position\":1,\"name\":\"Home\",\"item\":\"https:\/\/www.hxlsz.com\/\"},{\"@type\":\"ListItem\",\"position\":2,\"name\":\"\u793a\u4f8b\u9875\u9762\"}]},{\"@type\":\"WebSite\",\"@id\":\"https:\/\/www.hxlsz.com\/#website\",\"url\":\"https:\/\/www.hxlsz.com\/\",\"name\":\"Huaxianglian\",\"description\":\"\",\"publisher\":{\"@id\":\"https:\/\/www.hxlsz.com\/#organization\"},\"potentialAction\":[{\"@type\":\"SearchAction\",\"target\":{\"@type\":\"EntryPoint\",\"urlTemplate\":\"https:\/\/www.hxlsz.com\/?s={search_term_string}\"},\"query-input\":\"required name=search_term_string\"}],\"inLanguage\":\"de\"},{\"@type\":\"Organization\",\"@id\":\"https:\/\/www.hxlsz.com\/#organization\",\"name\":\"Huaxianglian\",\"url\":\"https:\/\/www.hxlsz.com\/\",\"logo\":{\"@type\":\"ImageObject\",\"inLanguage\":\"de\",\"@id\":\"https:\/\/www.hxlsz.com\/#\/schema\/logo\/image\/\",\"url\":\"https:\/\/www.hxlsz.com\/wp-content\/uploads\/2024\/06\/LOGOxxaw31.png\",\"contentUrl\":\"https:\/\/www.hxlsz.com\/wp-content\/uploads\/2024\/06\/LOGOxxaw31.png\",\"width\":360,\"height\":165,\"caption\":\"Huaxianglian\"},\"image\":{\"@id\":\"https:\/\/www.hxlsz.com\/#\/schema\/logo\/image\/\"}}]}<\/script>\n<!-- \/ Yoast SEO plugin. -->","yoast_head_json":{"title":"\u793a\u4f8b\u9875\u9762 - Huaxianglian","robots":{"index":"index","follow":"follow","max-snippet":"max-snippet:-1","max-image-preview":"max-image-preview:large","max-video-preview":"max-video-preview:-1"},"canonical":"https:\/\/www.hxlsz.com\/de\/sample-page\/","og_locale":"de_DE","og_type":"article","og_title":"\u793a\u4f8b\u9875\u9762 - Huaxianglian","og_description":"\u8fd9\u662f\u793a\u8303\u9875\u9762\u3002\u9875\u9762\u548c\u535a\u5ba2\u6587\u7ae0\u4e0d\u540c\uff0c\u5b83\u7684\u4f4d\u7f6e\u662f\u56fa\u5b9a\u7684\uff0c\u901a\u5e38\u4f1a\u5728\u7ad9\u70b9\u5bfc\u822a\u680f\u663e\u793a\u3002\u5f88\u591a\u7528\u6237\u90fd\u521b\u5efa\u4e00\u4e2a\u300c\u5173\u4e8e\u300d\u9875\u9762\uff0c\u5411\u8bbf\u5ba2\u4ecb\u7ecd\u81ea\u5df1\u3002\u4f8b\u5982\uff1a \u5927\u5bb6\u597d\uff01 \u6211\u767d\u5929\u662f\u4e00\u540d\u5feb\u9012\u5c0f\u54e5\uff0c\u665a\u4e0a\u662f\u4e00\u540d\u6709\u62b1\u8d1f\u7684\u9b54\u672f\u5e08\uff0c\u8fd9\u662f\u6211\u7684\u7f51\u7ad9\u3002 \u6211\u4f4f\u5728\u5317\u4eac\uff0c\u517b\u4e86\u4e00\u53ea\u540d\u53eb\u4e8c\u54c8\u7684\u5c0f\u72d7\u3002 \u6211\u5e73\u65f6\u559c\u6b22\u559d\u53ef\u4e50\uff0c\u8fd8\u6709\u905b\u72d7\u3002 \u2026\u2026\u6216\u8fd9\u4e2a\uff1a XYZ Doohickey \u516c\u53f8\u6210\u7acb\u4e8e 1971 \u5e74\uff0c\u81ea\u4ece\u5efa\u7acb\u4ee5\u6765\uff0c\u6211\u4eec\u4e00\u76f4\u5411\u793e\u4f1a\u8d21\u732e\u7740\u4f18\u79c0 doohickies\u3002\u6211\u4eec\u7684\u516c\u53f8\u603b\u90e8\u4f4d\u4e8e\u5929\u671d\u9b54\u90fd\uff0c\u6709\u7740\u8d85\u8fc7\u4e24\u5343\u540d\u5458\u5de5\uff0c\u5bf9\u9b54\u90fd\u653f\u5e9c\u7a0e\u6536\u6709\u7740\u5de8\u5927\u8d21\u732e\u3002 \u800c\u60a8\uff0c\u4f5c\u4e3a\u4e00\u4f4d WordPress \u65b0\u7528\u6237\uff0c\u6211\u4eec\u5efa\u8bae\u60a8\u8f6c\u5230\u60a8\u7ad9\u70b9\u7684\u4eea\u8868\u76d8\uff0c\u5220\u9664\u672c\u9875\u9762\uff0c\u7136\u540e\u521b\u5efa\u5305\u542b\u60a8\u81ea\u5df1\u5185\u5bb9\u7684\u65b0\u9875\u9762\u3002\u795d\u60a8\u4f7f\u7528\u6109\u5feb\uff01","og_url":"https:\/\/www.hxlsz.com\/de\/sample-page\/","og_site_name":"Huaxianglian","twitter_card":"summary_large_image","schema":{"@context":"https:\/\/schema.org","@graph":[{"@type":"WebPage","@id":"https:\/\/www.hxlsz.com\/sample-page\/","url":"https:\/\/www.hxlsz.com\/sample-page\/","name":"\u793a\u4f8b\u9875\u9762 - Huaxianglian","isPartOf":{"@id":"https:\/\/www.hxlsz.com\/#website"},"datePublished":"2024-06-20T08:17:20+00:00","dateModified":"2024-06-20T08:17:20+00:00","breadcrumb":{"@id":"https:\/\/www.hxlsz.com\/sample-page\/#breadcrumb"},"inLanguage":"de","potentialAction":[{"@type":"ReadAction","target":["https:\/\/www.hxlsz.com\/sample-page\/"]}]},{"@type":"BreadcrumbList","@id":"https:\/\/www.hxlsz.com\/sample-page\/#breadcrumb","itemListElement":[{"@type":"ListItem","position":1,"name":"Home","item":"https:\/\/www.hxlsz.com\/"},{"@type":"ListItem","position":2,"name":"\u793a\u4f8b\u9875\u9762"}]},{"@type":"WebSite","@id":"https:\/\/www.hxlsz.com\/#website","url":"https:\/\/www.hxlsz.com\/","name":"Huaxianglian","description":"","publisher":{"@id":"https:\/\/www.hxlsz.com\/#organization"},"potentialAction":[{"@type":"SearchAction","target":{"@type":"EntryPoint","urlTemplate":"https:\/\/www.hxlsz.com\/?s={search_term_string}"},"query-input":"required name=search_term_string"}],"inLanguage":"de"},{"@type":"Organization","@id":"https:\/\/www.hxlsz.com\/#organization","name":"Huaxianglian","url":"https:\/\/www.hxlsz.com\/","logo":{"@type":"ImageObject","inLanguage":"de","@id":"https:\/\/www.hxlsz.com\/#\/schema\/logo\/image\/","url":"https:\/\/www.hxlsz.com\/wp-content\/uploads\/2024\/06\/LOGOxxaw31.png","contentUrl":"https:\/\/www.hxlsz.com\/wp-content\/uploads\/2024\/06\/LOGOxxaw31.png","width":360,"height":165,"caption":"Huaxianglian"},"image":{"@id":"https:\/\/www.hxlsz.com\/#\/schema\/logo\/image\/"}}]}},"_links":{"self":[{"href":"https:\/\/www.hxlsz.com\/de\/wp-json\/wp\/v2\/pages\/2"}],"collection":[{"href":"https:\/\/www.hxlsz.com\/de\/wp-json\/wp\/v2\/pages"}],"about":[{"href":"https:\/\/www.hxlsz.com\/de\/wp-json\/wp\/v2\/types\/page"}],"author":[{"embeddable":true,"href":"https:\/\/www.hxlsz.com\/de\/wp-json\/wp\/v2\/users\/1"}],"replies":[{"embeddable":true,"href":"https:\/\/www.hxlsz.com\/de\/wp-json\/wp\/v2\/comments?post=2"}],"version-history":[{"count":0,"href":"https:\/\/www.hxlsz.com\/de\/wp-json\/wp\/v2\/pages\/2\/revisions"}],"wp:attachment":[{"href":"https:\/\/www.hxlsz.com\/de\/wp-json\/wp\/v2\/media?parent=2"}],"curies":[{"name":"wp","href":"https:\/\/api.w.org\/{rel}","templated":true}]}}