{"id":2,"date":"2024-06-20T16:17:20","date_gmt":"2024-06-20T08:17:20","guid":{"rendered":"https:\/\/www.hxlsz.com\/?page_id=2"},"modified":"2024-06-20T16:17:20","modified_gmt":"2024-06-20T08:17:20","slug":"sample-page","status":"publish","type":"page","link":"https:\/\/www.hxlsz.com\/vi\/sample-page\/","title":{"rendered":"Trang m\u1eabu"},"content":{"rendered":"<p>\u0110\u00e2y l\u00e0 m\u1ed9t trang m\u1eabu. Kh\u00f4ng gi\u1ed1ng nh\u01b0 c\u00e1c b\u00e0i \u0111\u0103ng tr\u00ean blog, c\u00e1c trang c\u00f3 v\u1ecb tr\u00ed c\u1ed1 \u0111\u1ecbnh v\u00e0 th\u01b0\u1eddng \u0111\u01b0\u1ee3c hi\u1ec3n th\u1ecb tr\u00ean thanh \u0111i\u1ec1u h\u01b0\u1edbng c\u1ee7a trang. Nhi\u1ec1u ng\u01b0\u1eddi d\u00f9ng t\u1ea1o trang \"Gi\u1edbi thi\u1ec7u\" \u0111\u1ec3 gi\u1edbi thi\u1ec7u b\u1ea3n th\u00e2n v\u1edbi kh\u00e1ch truy c\u1eadp. V\u00ed d\u1ee5:<\/p>\n\n\n\n<blockquote class=\"wp-block-quote is-layout-flow wp-block-quote-is-layout-flow\"><p>Xin ch\u00e0o t\u1ea5t c\u1ea3 m\u1ecdi ng\u01b0\u1eddi! T\u00f4i l\u00e0 m\u1ed9t c\u1eadu b\u00e9 giao h\u00e0ng v\u00e0o ban ng\u00e0y v\u00e0 m\u1ed9t \u1ea3o thu\u1eadt gia \u0111\u1ea7y tham v\u1ecdng v\u00e0o ban \u0111\u00eam, v\u00e0 \u0111\u00e2y l\u00e0 trang web c\u1ee7a t\u00f4i. T\u00f4i s\u1ed1ng \u1edf B\u1eafc Kinh v\u00e0 c\u00f3 m\u1ed9t ch\u00fa ch\u00f3 con t\u00ean l\u00e0 Erha. T\u00f4i th\u01b0\u1eddng th\u00edch u\u1ed1ng Coke v\u00e0 d\u1eaft ch\u00f3 \u0111i d\u1ea1o.<\/p><\/blockquote>\n\n\n\n<p>\u2026ho\u1eb7c th\u1ebf n\u00e0y:<\/p>\n\n\n\n<blockquote class=\"wp-block-quote is-layout-flow wp-block-quote-is-layout-flow\"><p>C\u00f4ng ty XYZ Doohickey \u0111\u01b0\u1ee3c th\u00e0nh l\u1eadp v\u00e0o n\u0103m 1971 v\u00e0 k\u1ec3 t\u1eeb \u0111\u00f3 ch\u00fang t\u00f4i \u0111\u00e3 \u0111\u00f3ng g\u00f3p nh\u1eefng \u0111i\u1ec1u tuy\u1ec7t v\u1eddi cho x\u00e3 h\u1ed9i. C\u00f4ng ty ch\u00fang t\u00f4i c\u00f3 tr\u1ee5 s\u1edf ch\u00ednh t\u1ea1i Th\u00e0nh ph\u1ed1 Ph\u00e9p thu\u1eadt c\u1ee7a Trung Qu\u1ed1c, v\u1edbi h\u01a1n 2.000 nh\u00e2n vi\u00ean v\u00e0 \u0111\u00e3 \u0111\u00f3ng g\u00f3p r\u1ea5t l\u1edbn v\u00e0o doanh thu thu\u1ebf c\u1ee7a ch\u00ednh quy\u1ec1n Th\u00e0nh ph\u1ed1 Ph\u00e9p thu\u1eadt.<\/p><\/blockquote>\n\n\n\n<p>V\u00e0 b\u1ea1n, v\u1edbi t\u01b0 c\u00e1ch l\u00e0 ng\u01b0\u1eddi d\u00f9ng WordPress m\u1edbi, ch\u00fang t\u00f4i khuy\u00ean b\u1ea1n n\u00ean truy c\u1eadp<a href=\"https:\/\/www.hxlsz.com\/wp-admin\/\">Trang t\u1ed5ng quan cho trang web c\u1ee7a b\u1ea1n<\/a>, h\u00e3y x\u00f3a trang n\u00e0y v\u00e0 t\u1ea1o m\u1ed9t trang m\u1edbi c\u00f3 n\u1ed9i dung c\u1ee7a ri\u00eang b\u1ea1n. Ch\u00fac b\u1ea1n s\u1eed d\u1ee5ng vui v\u1ebb!<\/p>","protected":false},"excerpt":{"rendered":"<p>\u0110\u00e2y l\u00e0 m\u1ed9t trang m\u1eabu. Kh\u00f4ng gi\u1ed1ng nh\u01b0 m\u1ed9t b\u00e0i \u0111\u0103ng tr\u00ean blog, m\u1ed9t trang c\u00f3 m\u1ed9t v\u1ecb tr\u00ed c\u1ed1 \u0111\u1ecbnh v\u00e0 th\u01b0\u1eddng \u0111\u01b0\u1ee3c hi\u1ec3n th\u1ecb tr\u00ean thanh \u0111i\u1ec1u h\u01b0\u1edbng c\u1ee7a trang. Nhi\u1ec1u ng\u01b0\u1eddi d\u00f9ng t\u1ea1o trang \"Gi\u1edbi thi\u1ec7u\" \u0111\u1ec3 gi\u1edbi thi\u1ec7u b\u1ea3n th\u00e2n v\u1edbi kh\u00e1ch truy c\u1eadp. V\u00ed d\u1ee5: Xin ch\u00e0o m\u1ecdi ng\u01b0\u1eddi! T\u00f4i l\u00e0 m\u1ed9t c\u1eadu b\u00e9 giao h\u00e0ng v\u00e0o ban ng\u00e0y v\u00e0 m\u1ed9t \u1ea3o thu\u1eadt gia \u0111\u1ea7y tham v\u1ecdng v\u00e0o ban \u0111\u00eam, v\u00e0 \u0111\u00e2y l\u00e0 trang web c\u1ee7a t\u00f4i. T\u00f4i s\u1ed1ng \u1edf B\u1eafc Kinh v\u00e0 c\u00f3 m\u1ed9t ch\u00fa ch\u00f3 con t\u00ean l\u00e0 Erha. T\u00f4i th\u01b0\u1eddng th\u00edch u\u1ed1ng Coke v\u00e0 d\u1eaft ch\u00f3 \u0111i d\u1ea1o. \u2026ho\u1eb7c th\u1ebf n\u00e0y: C\u00f4ng ty XYZ Doohickey \u0111\u01b0\u1ee3c th\u00e0nh l\u1eadp v\u00e0o n\u0103m 1971, v\u00e0 k\u1ec3 t\u1eeb \u0111\u00f3 ch\u00fang t\u00f4i \u0111\u00e3 \u0111\u00f3ng g\u00f3p nh\u1eefng \u0111i\u1ec1u tuy\u1ec7t v\u1eddi cho c\u1ed9ng \u0111\u1ed3ng. C\u00f4ng ty ch\u00fang t\u00f4i c\u00f3 tr\u1ee5 s\u1edf ch\u00ednh t\u1ea1i Th\u00e0nh ph\u1ed1 Ph\u00e9p thu\u1eadt c\u1ee7a Trung Qu\u1ed1c, v\u1edbi h\u01a1n 2.000 nh\u00e2n vi\u00ean v\u00e0 \u0111\u00e3 \u0111\u00f3ng g\u00f3p r\u1ea5t l\u1edbn v\u00e0o doanh thu thu\u1ebf c\u1ee7a ch\u00ednh quy\u1ec1n Th\u00e0nh ph\u1ed1 Ph\u00e9p thu\u1eadt. V\u00e0 b\u1ea1n, v\u1edbi t\u01b0 c\u00e1ch l\u00e0 ng\u01b0\u1eddi d\u00f9ng WordPress m\u1edbi, ch\u00fang t\u00f4i khuy\u00ean b\u1ea1n n\u00ean truy c\u1eadp trang t\u1ed5ng quan c\u1ee7a trang web, x\u00f3a trang n\u00e0y r\u1ed3i t\u1ea1o m\u1ed9t trang m\u1edbi c\u00f3 n\u1ed9i dung c\u1ee7a ri\u00eang b\u1ea1n. Ch\u00fac b\u1ea1n s\u1eed d\u1ee5ng vui v\u1ebb!<\/p>","protected":false},"author":1,"featured_media":0,"parent":0,"menu_order":0,"comment_status":"closed","ping_status":"open","template":"","meta":{"_acf_changed":false,"footnotes":""},"class_list":["post-2","page","type-page","status-publish","hentry"],"acf":[],"yoast_head":"<!-- This site is optimized with the Yoast SEO plugin v20.11 - https:\/\/yoast.com\/wordpress\/plugins\/seo\/ -->\n<title>\u793a\u4f8b\u9875\u9762 - Huaxianglian<\/title>\n<meta name=\"robots\" content=\"index, follow, max-snippet:-1, max-image-preview:large, max-video-preview:-1\" \/>\n<link rel=\"canonical\" href=\"https:\/\/www.hxlsz.com\/vi\/sample-page\/\" \/>\n<meta property=\"og:locale\" content=\"vi_VN\" \/>\n<meta property=\"og:type\" content=\"article\" \/>\n<meta property=\"og:title\" content=\"\u793a\u4f8b\u9875\u9762 - Huaxianglian\" \/>\n<meta property=\"og:description\" content=\"\u8fd9\u662f\u793a\u8303\u9875\u9762\u3002\u9875\u9762\u548c\u535a\u5ba2\u6587\u7ae0\u4e0d\u540c\uff0c\u5b83\u7684\u4f4d\u7f6e\u662f\u56fa\u5b9a\u7684\uff0c\u901a\u5e38\u4f1a\u5728\u7ad9\u70b9\u5bfc\u822a\u680f\u663e\u793a\u3002\u5f88\u591a\u7528\u6237\u90fd\u521b\u5efa\u4e00\u4e2a\u300c\u5173\u4e8e\u300d\u9875\u9762\uff0c\u5411\u8bbf\u5ba2\u4ecb\u7ecd\u81ea\u5df1\u3002\u4f8b\u5982\uff1a \u5927\u5bb6\u597d\uff01 \u6211\u767d\u5929\u662f\u4e00\u540d\u5feb\u9012\u5c0f\u54e5\uff0c\u665a\u4e0a\u662f\u4e00\u540d\u6709\u62b1\u8d1f\u7684\u9b54\u672f\u5e08\uff0c\u8fd9\u662f\u6211\u7684\u7f51\u7ad9\u3002 \u6211\u4f4f\u5728\u5317\u4eac\uff0c\u517b\u4e86\u4e00\u53ea\u540d\u53eb\u4e8c\u54c8\u7684\u5c0f\u72d7\u3002 \u6211\u5e73\u65f6\u559c\u6b22\u559d\u53ef\u4e50\uff0c\u8fd8\u6709\u905b\u72d7\u3002 \u2026\u2026\u6216\u8fd9\u4e2a\uff1a XYZ Doohickey \u516c\u53f8\u6210\u7acb\u4e8e 1971 \u5e74\uff0c\u81ea\u4ece\u5efa\u7acb\u4ee5\u6765\uff0c\u6211\u4eec\u4e00\u76f4\u5411\u793e\u4f1a\u8d21\u732e\u7740\u4f18\u79c0 doohickies\u3002\u6211\u4eec\u7684\u516c\u53f8\u603b\u90e8\u4f4d\u4e8e\u5929\u671d\u9b54\u90fd\uff0c\u6709\u7740\u8d85\u8fc7\u4e24\u5343\u540d\u5458\u5de5\uff0c\u5bf9\u9b54\u90fd\u653f\u5e9c\u7a0e\u6536\u6709\u7740\u5de8\u5927\u8d21\u732e\u3002 \u800c\u60a8\uff0c\u4f5c\u4e3a\u4e00\u4f4d WordPress \u65b0\u7528\u6237\uff0c\u6211\u4eec\u5efa\u8bae\u60a8\u8f6c\u5230\u60a8\u7ad9\u70b9\u7684\u4eea\u8868\u76d8\uff0c\u5220\u9664\u672c\u9875\u9762\uff0c\u7136\u540e\u521b\u5efa\u5305\u542b\u60a8\u81ea\u5df1\u5185\u5bb9\u7684\u65b0\u9875\u9762\u3002\u795d\u60a8\u4f7f\u7528\u6109\u5feb\uff01\" \/>\n<meta property=\"og:url\" content=\"https:\/\/www.hxlsz.com\/vi\/sample-page\/\" \/>\n<meta property=\"og:site_name\" content=\"Huaxianglian\" \/>\n<meta name=\"twitter:card\" content=\"summary_large_image\" \/>\n<script type=\"application\/ld+json\" class=\"yoast-schema-graph\">{\"@context\":\"https:\/\/schema.org\",\"@graph\":[{\"@type\":\"WebPage\",\"@id\":\"https:\/\/www.hxlsz.com\/sample-page\/\",\"url\":\"https:\/\/www.hxlsz.com\/sample-page\/\",\"name\":\"\u793a\u4f8b\u9875\u9762 - Huaxianglian\",\"isPartOf\":{\"@id\":\"https:\/\/www.hxlsz.com\/#website\"},\"datePublished\":\"2024-06-20T08:17:20+00:00\",\"dateModified\":\"2024-06-20T08:17:20+00:00\",\"breadcrumb\":{\"@id\":\"https:\/\/www.hxlsz.com\/sample-page\/#breadcrumb\"},\"inLanguage\":\"vi\",\"potentialAction\":[{\"@type\":\"ReadAction\",\"target\":[\"https:\/\/www.hxlsz.com\/sample-page\/\"]}]},{\"@type\":\"BreadcrumbList\",\"@id\":\"https:\/\/www.hxlsz.com\/sample-page\/#breadcrumb\",\"itemListElement\":[{\"@type\":\"ListItem\",\"position\":1,\"name\":\"Home\",\"item\":\"https:\/\/www.hxlsz.com\/\"},{\"@type\":\"ListItem\",\"position\":2,\"name\":\"\u793a\u4f8b\u9875\u9762\"}]},{\"@type\":\"WebSite\",\"@id\":\"https:\/\/www.hxlsz.com\/#website\",\"url\":\"https:\/\/www.hxlsz.com\/\",\"name\":\"Huaxianglian\",\"description\":\"\",\"publisher\":{\"@id\":\"https:\/\/www.hxlsz.com\/#organization\"},\"potentialAction\":[{\"@type\":\"SearchAction\",\"target\":{\"@type\":\"EntryPoint\",\"urlTemplate\":\"https:\/\/www.hxlsz.com\/?s={search_term_string}\"},\"query-input\":\"required name=search_term_string\"}],\"inLanguage\":\"vi\"},{\"@type\":\"Organization\",\"@id\":\"https:\/\/www.hxlsz.com\/#organization\",\"name\":\"Huaxianglian\",\"url\":\"https:\/\/www.hxlsz.com\/\",\"logo\":{\"@type\":\"ImageObject\",\"inLanguage\":\"vi\",\"@id\":\"https:\/\/www.hxlsz.com\/#\/schema\/logo\/image\/\",\"url\":\"https:\/\/www.hxlsz.com\/wp-content\/uploads\/2024\/06\/LOGOxxaw31.png\",\"contentUrl\":\"https:\/\/www.hxlsz.com\/wp-content\/uploads\/2024\/06\/LOGOxxaw31.png\",\"width\":360,\"height\":165,\"caption\":\"Huaxianglian\"},\"image\":{\"@id\":\"https:\/\/www.hxlsz.com\/#\/schema\/logo\/image\/\"}}]}<\/script>\n<!-- \/ Yoast SEO plugin. -->","yoast_head_json":{"title":"\u793a\u4f8b\u9875\u9762 - Huaxianglian","robots":{"index":"index","follow":"follow","max-snippet":"max-snippet:-1","max-image-preview":"max-image-preview:large","max-video-preview":"max-video-preview:-1"},"canonical":"https:\/\/www.hxlsz.com\/vi\/sample-page\/","og_locale":"vi_VN","og_type":"article","og_title":"\u793a\u4f8b\u9875\u9762 - Huaxianglian","og_description":"\u8fd9\u662f\u793a\u8303\u9875\u9762\u3002\u9875\u9762\u548c\u535a\u5ba2\u6587\u7ae0\u4e0d\u540c\uff0c\u5b83\u7684\u4f4d\u7f6e\u662f\u56fa\u5b9a\u7684\uff0c\u901a\u5e38\u4f1a\u5728\u7ad9\u70b9\u5bfc\u822a\u680f\u663e\u793a\u3002\u5f88\u591a\u7528\u6237\u90fd\u521b\u5efa\u4e00\u4e2a\u300c\u5173\u4e8e\u300d\u9875\u9762\uff0c\u5411\u8bbf\u5ba2\u4ecb\u7ecd\u81ea\u5df1\u3002\u4f8b\u5982\uff1a \u5927\u5bb6\u597d\uff01 \u6211\u767d\u5929\u662f\u4e00\u540d\u5feb\u9012\u5c0f\u54e5\uff0c\u665a\u4e0a\u662f\u4e00\u540d\u6709\u62b1\u8d1f\u7684\u9b54\u672f\u5e08\uff0c\u8fd9\u662f\u6211\u7684\u7f51\u7ad9\u3002 \u6211\u4f4f\u5728\u5317\u4eac\uff0c\u517b\u4e86\u4e00\u53ea\u540d\u53eb\u4e8c\u54c8\u7684\u5c0f\u72d7\u3002 \u6211\u5e73\u65f6\u559c\u6b22\u559d\u53ef\u4e50\uff0c\u8fd8\u6709\u905b\u72d7\u3002 \u2026\u2026\u6216\u8fd9\u4e2a\uff1a XYZ Doohickey \u516c\u53f8\u6210\u7acb\u4e8e 1971 \u5e74\uff0c\u81ea\u4ece\u5efa\u7acb\u4ee5\u6765\uff0c\u6211\u4eec\u4e00\u76f4\u5411\u793e\u4f1a\u8d21\u732e\u7740\u4f18\u79c0 doohickies\u3002\u6211\u4eec\u7684\u516c\u53f8\u603b\u90e8\u4f4d\u4e8e\u5929\u671d\u9b54\u90fd\uff0c\u6709\u7740\u8d85\u8fc7\u4e24\u5343\u540d\u5458\u5de5\uff0c\u5bf9\u9b54\u90fd\u653f\u5e9c\u7a0e\u6536\u6709\u7740\u5de8\u5927\u8d21\u732e\u3002 \u800c\u60a8\uff0c\u4f5c\u4e3a\u4e00\u4f4d WordPress \u65b0\u7528\u6237\uff0c\u6211\u4eec\u5efa\u8bae\u60a8\u8f6c\u5230\u60a8\u7ad9\u70b9\u7684\u4eea\u8868\u76d8\uff0c\u5220\u9664\u672c\u9875\u9762\uff0c\u7136\u540e\u521b\u5efa\u5305\u542b\u60a8\u81ea\u5df1\u5185\u5bb9\u7684\u65b0\u9875\u9762\u3002\u795d\u60a8\u4f7f\u7528\u6109\u5feb\uff01","og_url":"https:\/\/www.hxlsz.com\/vi\/sample-page\/","og_site_name":"Huaxianglian","twitter_card":"summary_large_image","schema":{"@context":"https:\/\/schema.org","@graph":[{"@type":"WebPage","@id":"https:\/\/www.hxlsz.com\/sample-page\/","url":"https:\/\/www.hxlsz.com\/sample-page\/","name":"\u793a\u4f8b\u9875\u9762 - Huaxianglian","isPartOf":{"@id":"https:\/\/www.hxlsz.com\/#website"},"datePublished":"2024-06-20T08:17:20+00:00","dateModified":"2024-06-20T08:17:20+00:00","breadcrumb":{"@id":"https:\/\/www.hxlsz.com\/sample-page\/#breadcrumb"},"inLanguage":"vi","potentialAction":[{"@type":"ReadAction","target":["https:\/\/www.hxlsz.com\/sample-page\/"]}]},{"@type":"BreadcrumbList","@id":"https:\/\/www.hxlsz.com\/sample-page\/#breadcrumb","itemListElement":[{"@type":"ListItem","position":1,"name":"Home","item":"https:\/\/www.hxlsz.com\/"},{"@type":"ListItem","position":2,"name":"\u793a\u4f8b\u9875\u9762"}]},{"@type":"WebSite","@id":"https:\/\/www.hxlsz.com\/#website","url":"https:\/\/www.hxlsz.com\/","name":"Huaxianglian","description":"","publisher":{"@id":"https:\/\/www.hxlsz.com\/#organization"},"potentialAction":[{"@type":"SearchAction","target":{"@type":"EntryPoint","urlTemplate":"https:\/\/www.hxlsz.com\/?s={search_term_string}"},"query-input":"required name=search_term_string"}],"inLanguage":"vi"},{"@type":"Organization","@id":"https:\/\/www.hxlsz.com\/#organization","name":"Huaxianglian","url":"https:\/\/www.hxlsz.com\/","logo":{"@type":"ImageObject","inLanguage":"vi","@id":"https:\/\/www.hxlsz.com\/#\/schema\/logo\/image\/","url":"https:\/\/www.hxlsz.com\/wp-content\/uploads\/2024\/06\/LOGOxxaw31.png","contentUrl":"https:\/\/www.hxlsz.com\/wp-content\/uploads\/2024\/06\/LOGOxxaw31.png","width":360,"height":165,"caption":"Huaxianglian"},"image":{"@id":"https:\/\/www.hxlsz.com\/#\/schema\/logo\/image\/"}}]}},"_links":{"self":[{"href":"https:\/\/www.hxlsz.com\/vi\/wp-json\/wp\/v2\/pages\/2"}],"collection":[{"href":"https:\/\/www.hxlsz.com\/vi\/wp-json\/wp\/v2\/pages"}],"about":[{"href":"https:\/\/www.hxlsz.com\/vi\/wp-json\/wp\/v2\/types\/page"}],"author":[{"embeddable":true,"href":"https:\/\/www.hxlsz.com\/vi\/wp-json\/wp\/v2\/users\/1"}],"replies":[{"embeddable":true,"href":"https:\/\/www.hxlsz.com\/vi\/wp-json\/wp\/v2\/comments?post=2"}],"version-history":[{"count":0,"href":"https:\/\/www.hxlsz.com\/vi\/wp-json\/wp\/v2\/pages\/2\/revisions"}],"wp:attachment":[{"href":"https:\/\/www.hxlsz.com\/vi\/wp-json\/wp\/v2\/media?parent=2"}],"curies":[{"name":"wp","href":"https:\/\/api.w.org\/{rel}","templated":true}]}}